{"id":119,"date":"2016-12-24T19:43:53","date_gmt":"2016-12-24T18:43:53","guid":{"rendered":"https:\/\/eloa-sahiry.com\/?page_id=119"},"modified":"2024-03-18T21:33:42","modified_gmt":"2024-03-18T20:33:42","slug":"testimonials","status":"publish","type":"page","link":"https:\/\/eloa-sahiry.com\/index.php\/testimonials\/","title":{"rendered":"Testimonials"},"content":{"rendered":"\n<blockquote class=\"wp-block-quote\">\n<p>Dans ma fonction de Pr\u00e9sident de L.A. Conseils, j&rsquo;ai eu la chance de rencontrer Eloa et de b\u00e9n\u00e9ficier de ses comp\u00e9tences et qualit\u00e9s humaines. Une personne qui aime les challenges et surtout les g\u00e8re avec brio et avec une grande agilit\u00e9 intellectuelle. Une r\u00e9activit\u00e9 et adaptation hors norme. Eloa a notamment accept\u00e9 d&rsquo;animer deux actions de formation aupr\u00e8s du personnel soignant et administratif du CHU Toulouse (\u00ab\u00a0gestion des relations positives dans des situations difficiles\u00a0\u00bb et \u00ab\u00a0Pour une meilleure connaissance de soi avec l&rsquo;Analyse Transactionnelle\u00a0\u00bb. Deux actions qui ont fait l&rsquo;objet d&rsquo;\u00e9valuations \u00e9logieuses: \u00e9coute, empathie, disponible, professionnalisme, qualit\u00e9s humaines et professionnelles dans les \u00e9changes avec les participants, grande reconnaissance pour les apports qu&rsquo;Eloa a su transmettre. Que dire de plus si ce n&rsquo;est que je ne peux que vous recommander une collaboration avec Eloa.<\/p>\n<cite>Jo\u00ebl Gauthier &#8211; Ancien pr\u00e9sident et Pr\u00e9sident d&rsquo;honneur L.A. Conseils<\/cite><\/blockquote>\n\n\n<blockquote>\n<p>\u00ab\u00a0Merci pour la justesse de vos retours, de vos \u00e9clairages&#8230; Un mot revenait sans cesse dans ma t\u00eate&#8230; Anim\u00e9e, oui, je vous ai trouv\u00e9e anim\u00e9e par la vie&#8230; Vous avez la facult\u00e9 de raviver la vie chez l&rsquo;autre, de lui faire prendre conscience de ses forces et de ses talents&#8230; de lui r\u00e9v\u00e9ler son excellence&#8230; Merci !\u00a0\u00bb Sandrine Rouillon &#8211; Art Th\u00e9rapeute et formatrice &#8211; <span style=\"color: #000000; font-family: georgia, serif;\">Association Eclore, Les Ateliers du Soi<\/span><\/p>\n<\/blockquote>\n\n\n<blockquote class=\"wp-block-quote\">\n<p>J&rsquo;ai travaill\u00e9 avec Eloa pour l&rsquo;\u00e9laboration d&rsquo;une prise de parole inspirante pour l&rsquo;\u00e9v\u00e9nement Iconic de Montpellier de 2022.<br>Eloa m&rsquo;a accompagn\u00e9 avec expertise et bienveillance dans le choix de mon sujet mais aussi dans l&rsquo;\u00e9criture du talk, apportant un regard pr\u00e9cis, technique et humain sur la prise de parole en public, la transmission d&rsquo;un message fort et le choix des mots.<br>Cette pr\u00e9paration \u00e0 la prise de parole et la rationnalisation de la ligne \u00e9ditoriale de l&rsquo;ensemble des talks qui en d\u00e9coule sont rares et pr\u00e9cieuses et devraient \u00eatre plus souvent consid\u00e9r\u00e9s par les cyles de rencontres et conf\u00e9rences.<\/p>\n<cite>Pia-Victoria Jacqmart &#8211; Creative and narrative Director &#8211; Video Games &#8211; Montpellier<\/cite><\/blockquote>\n\n\n\n<blockquote class=\"wp-block-quote\">\n<p>Bien au del\u00e0 de m&rsquo;accompagner dans mes projets, Eloa, par ses comp\u00e9tences th\u00e9oriques li\u00e9es en permanence \u00e0 sa perspicacit\u00e9, m&rsquo;a permis d&rsquo;accepter le besoin d&rsquo;accomplissement personnel. C&rsquo;est une coach qui cerne rapidement les personnes et peut ainsi les accompagner dans leur \u00e9volution avec efficacit\u00e9. De plus elle incarne ce qu&rsquo;elle conseille montrant ainsi le chemin \u00e0 suivre.<br>Quelle chance de croiser la route de personne comme elle.<\/p>\n<cite>Anne-Laure Nicolas &#8211; Cadre de sant\u00e9 CHU de Toulouse<\/cite><\/blockquote>\n\n\n\n<blockquote class=\"wp-block-quote\">\n<p>J&rsquo;ai eu la grande chance d&rsquo;\u00eatre accompagn\u00e9 par Eloa lors de ma reconversion professionnelle, et la r\u00e9ussite de mon projet lui doit beaucoup. L&rsquo;engagement, le dynamisme et l&rsquo;esprit d&rsquo;analyse dont elle a fait preuve tout au long de nos \u00e9changes ont \u00e9t\u00e9 un r\u00e9el moteur et elle a su m&rsquo;apporter pr\u00e9cis\u00e9ment les outils n\u00e9cessaires, au moment opportun.<br>Tr\u00e8s \u00e0 l&rsquo;\u00e9coute, elle a parfaitement su adapter son approche \u00e0 ma situation et \u00e0 mon besoin, tout en manifestant bienveillance et empathie.<br>Bref, un accompagnement d&rsquo;une justesse remarquable, que je ne peux que recommander vivement. Merci Eloa !<\/p>\n<cite>Julien Primus &#8211; Docteur et ing\u00e9nieur Airbus sp\u00e9cialis\u00e9 dans le son &#8211; Etudiant en CFPM<\/cite><\/blockquote>\n\n\n\n<blockquote class=\"wp-block-quote\">\n<p>Eloa a accompagn\u00e9, avec succ\u00e8s, plus d&rsquo;une trentaine d&rsquo;intervenants pour la pr\u00e9paration de leur prise de parole lors des rendez-vous R\u00e9veil Cr\u00e9atif. Eloa a permis \u00e0 nos invit\u00e9s \u00e0 mettre en valeur leurs messages cl\u00e9s, de construire leur intervention. Gr\u00e2ce \u00e0 ses conseils et son accompagnement, nos invit\u00e9s ont appris \u00e0 ma\u00eetriser les techniques de la prise de parole et du pitch. A l&rsquo;aise avec tous types de personnalit\u00e9s, de tous domaines, Eloa a contribu\u00e9 positivement au succ\u00e8s de R\u00e9veil Cr\u00e9atif.<\/p>\n<cite>Benoit Rouhier &#8211; Charg\u00e9 de communication Agefip &#8211; Coordinateur R\u00e9veil Cr\u00e9atif &#8211; Toulouse<\/cite><\/blockquote>\n\n\n\n<blockquote class=\"wp-block-quote\">\n<p>I first came across Eloa\u2019s work during a pitching event at the Animation Workshop Denmark. I was very impressed with the quality of the presentations &#8211; their professional and clear delivery as well as engaging storytelling. She coached all the groups and yet, every pitch was unique.<\/p>\n\n\n\n<p>So in 2018, Eloa became our coach to help us prepare the pitch of the animated series project \u2018Silly Sundays\u2019 for Cartoon Forum. Shaping the presentation with Eloa was a fantastic experience &#8211; she was firm but patient, a brilliant listener who also contributed with great ideas to improve the pitch; and she encouraged us to practice as much as possible while understanding our availability and resources. She helped us improve our body language, tone of voice, speech delivery and confidence through different techniques that are still valuable for us to this day.<\/p>\n\n\n\n<p>The presentation was a big success and it has been described by numerous attendees and event\u2019s organizers as one of the best pitches in the history of Cartoon Forum.<\/p>\n\n\n\n<p>I recommend Eloa without hesitation to any project and any speaker &#8211; no matter if this is your first time or your 50th time pitching &#8211; and I\u2019m looking forward to working with her in our next pitch.<\/p>\n<cite>Nuria Blanco &#8211; Director, writer, creator at Cartoon Saloon &#8211; Ireland<\/cite><\/blockquote>\n\n\n\n<blockquote class=\"wp-block-quote\">\n<p>Eloa intervient aupr\u00e8s de nos \u00e9tudiants futurs enseignants de musique en conservatoire pour les confronter aussi bien \u00e0 la pratique de l&rsquo;entretien professionnel qu&rsquo;\u00e0 l&rsquo;exercice de la soutenance. Au-del\u00e0 de sa capacit\u00e9 \u00e0 comprendre les enjeux de l&rsquo;exercice, Eloa fait r\u00e9fl\u00e9chir les \u00e9tudiants sur leur parcours, leur vie, leurs envies. Elle les fait tout simplement grandir !<\/p>\n\n\n\n<p>Bienveillante, humaine, vive et enthousiaste, Eloa ne manquent pas de qualit\u00e9s ! Bien plus qu&rsquo;une excellente consultante, elle est une personne \u00e0 rencontrer \u00e0 tout prix !<\/p>\n<cite>Julien Garde &#8211; Ma\u00eetre de conf\u00e9rence en musicologie \u00e0 l&rsquo;universit\u00e9 de Toulouse Jean-Jaur\u00e8s <\/cite><\/blockquote>\n\n\n\n<blockquote class=\"wp-block-quote\">\n<p>Par son dynamisme, ses engagements de coach sinc\u00e8re et pragmatique, Eloa a su jusqu\u2019\u00e0 pr\u00e9sent \u00eatre au service d\u2019organisations qui contribuent \u00e0 faire de notre monde un monde plus juste, plus solidaire et meilleur ! J\u2019ai la conviction qu\u2019elle a insuffl\u00e9 dans toutes ses pr\u00e9c\u00e9dentes exp\u00e9riences une dose de cr\u00e9ativit\u00e9 et de bienveillance.<br>Ce sont ces diff\u00e9rents univers qui l\u2019ont construite dans ses savoir-faire mais plus encore dans ses savoir \u00eatre qui font d\u2019elle une personne authentique, rigoureuse et efficace.<\/p>\n<cite>Florence Millet &#8211; Consultante relations m\u00e9dias, relations publics et influence &#8211; Co-fondatrice TEDx Matabiau<\/cite><\/blockquote>\n\n\n\n<blockquote class=\"wp-block-quote is-style-default\">\n<p>D\u00e9placer ses angles de perception pour \u00e9largir notre champ des possibles ! C&rsquo;est un des moyens qu&rsquo;Eloa utilise pour nous mener vers un management humain et efficient. Une tr\u00e8s belle rencontre avec soi et les autres&#8230;.<\/p>\n<cite>Dany Hermel &#8211; Paysagiste, Co-g\u00e9rant THP &#8211; Bordeaux<\/cite><\/blockquote>\n\n\n\n<blockquote class=\"wp-block-quote\">\n<p>Dans la recherche d&rsquo;un lien entre les ressources du corps et de l&rsquo;esprit, Eola Sahiry saura cr\u00e9er avec vous le contexte d&rsquo;exploration, puis d&rsquo;expression, de vos capacit\u00e9s physiques au service de vos actions.<br>Traore Zeba Patrice<\/p>\n<cite>Z\u00e9ba Traore &#8211; Pr\u00e9parateur sportif sur Stade Toulousain &#8211; Pr\u00e9sident de Athletique Academie Consulting<\/cite><\/blockquote>\n\n\n\n<blockquote class=\"wp-block-quote\">\n<p>J\u2019ai travaill\u00e9 avec Eloa sur une prestation d\u2019ing\u00e9nierie de formation et de coaching des \u00e9quipes de managers. Elle a un grand sens de l\u2019\u00e9coute et d\u2019analyse, un respect des individus et des probl\u00e9matiques de chacun et une \u00e9nergie communicative.<br>Ses formations sont vivantes et efficaces. Les collaborateurs en sont sortis grandis.<br>Une prestation qui a marqu\u00e9 et fait \u00e9voluer les participants. Merci \ud83d\ude4f<\/p>\n<cite>Patricia Rambaud &#8211; Ancienne directrice Pro Direct Services &#8211; Marseille<\/cite><\/blockquote>\n\n\n\n<blockquote class=\"wp-block-quote\">\n<p>Eloa worked with us at Cartoon Saloon as a pitch coach on our Cartoon Forum project \u2018Silly Sundays&rsquo;, where she help us with the delivery and structure of the very successful pitch, training our voices and giving us lessons to make us sound very clear and professional.It was such a pleasure to work with her so it is without hesitation the I highly recommend Eloa.<\/p>\n<cite>Maurice Joyce &#8211; Director at Cartoon Saloon &#8211; Ireland<\/cite><\/blockquote>\n\n\n\n<blockquote class=\"wp-block-quote\">\n<p>Eloa est r\u00e9ellement \u00e0 l&rsquo;\u00e9coute de ses clients. Elle s&rsquo;adapte tr\u00e8s bien \u00e0 des univers ou des professions qu&rsquo;elle ne connait pas n\u00e9cessairement. Je salue son professionnalisme et vous la recommande !<\/p>\n<cite>Vincent Bunel &#8211; Directeur r\u00e9gions CSD &#8211; Aquitaine\/Occitanie<\/cite><\/blockquote>\n\n\n\n<blockquote class=\"wp-block-quote\">\n<p>Elle nous apporte son exp\u00e9rience, sa cr\u00e9ativit\u00e9, avec rigueur et sensibilit\u00e9. Tr\u00e8s \u00e0 l&rsquo;\u00e9coute, Eloa va au-del\u00e0 du cahier des charges fix\u00e9, sans jamais pour autant s&rsquo;en \u00e9loigner.<br>En tant que dirigeante, j\u00a0\u00bbappr\u00e9cie particuli\u00e8rement la capacit\u00e9 d&rsquo;Eloa \u00e0 comprendre les enjeux, la philosophie et l&rsquo;\u00e9tat d&rsquo;esprit dans lequel je souhaite developper ce projet. Nous ne sommes jamais enferm\u00e9s. Eloa est une v\u00e9ritable r\u00e9v\u00e9latrice d&rsquo;insight !<br>Merci beaucoup \u00e0 toi.<\/p>\n<cite>Nathalie Bardouil &#8211; Docteure en psychologie &#8211; Pr\u00e9sidente Opus Fabrica<\/cite><\/blockquote>\n","protected":false},"excerpt":{"rendered":"<p>Dans ma fonction de Pr\u00e9sident de L.A. Conseils, j&rsquo;ai eu la chance de rencontrer Eloa et de b\u00e9n\u00e9ficier de ses comp\u00e9tences et qualit\u00e9s humaines. Une personne qui aime les challenges et surtout les g\u00e8re avec brio et avec une grande agilit\u00e9 intellectuelle. Une r\u00e9activit\u00e9 et adaptation hors norme. Eloa a notamment accept\u00e9 d&rsquo;animer deux actions &hellip; <\/p>\n<p class=\"link-more\"><a href=\"https:\/\/eloa-sahiry.com\/index.php\/testimonials\/\" class=\"more-link\">Continuer la lecture<span class=\"screen-reader-text\"> de &laquo;&nbsp;Testimonials&nbsp;&raquo;<\/span><\/a><\/p>\n","protected":false},"author":1,"featured_media":184,"parent":0,"menu_order":0,"comment_status":"closed","ping_status":"closed","template":"","meta":{"footnotes":""},"_links":{"self":[{"href":"https:\/\/eloa-sahiry.com\/index.php\/wp-json\/wp\/v2\/pages\/119"}],"collection":[{"href":"https:\/\/eloa-sahiry.com\/index.php\/wp-json\/wp\/v2\/pages"}],"about":[{"href":"https:\/\/eloa-sahiry.com\/index.php\/wp-json\/wp\/v2\/types\/page"}],"author":[{"embeddable":true,"href":"https:\/\/eloa-sahiry.com\/index.php\/wp-json\/wp\/v2\/users\/1"}],"replies":[{"embeddable":true,"href":"https:\/\/eloa-sahiry.com\/index.php\/wp-json\/wp\/v2\/comments?post=119"}],"version-history":[{"count":8,"href":"https:\/\/eloa-sahiry.com\/index.php\/wp-json\/wp\/v2\/pages\/119\/revisions"}],"predecessor-version":[{"id":369,"href":"https:\/\/eloa-sahiry.com\/index.php\/wp-json\/wp\/v2\/pages\/119\/revisions\/369"}],"wp:featuredmedia":[{"embeddable":true,"href":"https:\/\/eloa-sahiry.com\/index.php\/wp-json\/wp\/v2\/media\/184"}],"wp:attachment":[{"href":"https:\/\/eloa-sahiry.com\/index.php\/wp-json\/wp\/v2\/media?parent=119"}],"curies":[{"name":"wp","href":"https:\/\/api.w.org\/{rel}","templated":true}]}}